{"id":16,"date":"2018-04-23T20:16:25","date_gmt":"2018-04-23T20:16:25","guid":{"rendered":"https:\/\/amv-ascania.de\/?page_id=16"},"modified":"2018-04-23T20:48:11","modified_gmt":"2018-04-23T20:48:11","slug":"unsere-geschichte","status":"publish","type":"page","link":"https:\/\/amv-ascania.de\/?page_id=16","title":{"rendered":"Unsere Geschichte"},"content":{"rendered":"<p><strong>1866 bis 1935: Der akademische Gesangverein Ascania Halle<\/strong><\/p>\n<p>Bereits in den 20er Jahren des 19. Jahrhunderts bestand an der Universit\u00e4t Halle eine seminar\u00e4hnliche Chorvereinigung, deren musikalischer Leiter lange der Komponist Robert Franz war. Diese Vereinigung nahm 1866 als \u201eStudentengesangverein Fridericiana\u201c korporative Formen an. Wegen der Diskussion bez\u00fcglich des Farbentragens kam es zu einer Spaltung des Vereins. Ausgetretene Mitglieder gr\u00fcndeten den alten \u201eAkademischen Gesangverein\u201c am 14. Dezember 1874 neu. Der Verein war zun\u00e4chst \u00fcberkorporativ, konstituierte sich aber sp\u00e4ter als geschlossene Korporation und wurde als solche am 30. Juli 1886 von der Universit\u00e4t anerkannt. Am 17. Februar 1887 trat die Verbindung dem Sondersh\u00e4user Verband (SV) bei. Im gleichen Jahre wurde auch der AHV gegr\u00fcndet. Im Fr\u00fchjahr 1895 wurde dann der Name \u201eAscania\u201c angenommen. Die Verbindung nannte sich nun \u201eAkademischer Gesangverein Ascania Halle\u201c. Im Jahre 1911 konnte ein eigenes Haus in der Lafontainestra\u00dfe 27 erworben werden. Kurz vor 1925 wurde die Bezeichnung \u201eAkademischer Gesangverein\u201c in \u201eS\u00e4ngerschaft\u201c ge\u00e4ndert. Da die Ascania nicht mit anderen Verbindungen in einer Kameradschaft aufgehen wollte, suspendierte sie sich nach 60j\u00e4hrigem Bestehen im Herbst 1935, nachdem vorher der SV aufgel\u00f6st worden war. Im Jahre 1951 wurde der AHV wieder konstituiert. Dieser feierte 1955 in Halle i.W. das 80. Stiftungsfest der Ascania.<\/p>\n<p><strong>Seit 1960: Die AMV Ascania Halle-Clausthal<\/strong><\/p>\n<p>Im Jahre 1960 fand sich in Clausthal ein Kreis junger Studenten zusammen, der durch den Ortsverein M\u00fchlheim\/Ruhr die Bestrebungen des Sonderh\u00e4user Verbandes Akademisch-Musikalischer Verbindungen (SV) kennen gelernt hatte, und beschloss, eine SV-Verbindung zu gr\u00fcnden.<\/p>\n<p>Als Name wurde &#8222;Akademisch-Musikalische Verbindung (AMV) Ascania Halle-Clausthal&#8220; gew\u00e4hlt. Diese Namensgebung sollte die Verbundenheit mit der fr\u00fcheren Hallenser SV-Verbindung ausdr\u00fccken. Mit Unterst\u00fctzung des SV und der SV-Verbindungen in Braunschweig, G\u00f6ttingen und Hannover gelang der Anfang. Die junge Verbindung wurde im Juli 1961 von der Technischen Universit\u00e4t Clausthal anerkannt. Am 8. Juli 1961 fand ein feierlicher Gr\u00fcndungskommers statt. Auf dem Landauer Verbandsfest 1962 folgte die Aufnahme in den SV und die Gr\u00fcndung des Altherrenverbandes sowie einer Gruppe anderer SVer, die sich zur F\u00f6rderung der AMV Ascania Halle-Clausthal zusammengeschlossen hatte. Der Altherrenverband f\u00fchrt neben den Farben und dem Zirkel der Aktivitas die Farben und den Zirkel der Ascania Halle. Seit 1963 nennt sich die aktive Verbindung offiziell &#8222;Akademisch-Musikalische Verbindung (AMV) Halle-Clausthal&#8220;. Im Juli des gleichen Jahres konnte sie ein eigenes Haus beziehen, das zuvor mit Unterst\u00fctzung des Verbandes Alter SVer (VASV) unter gro\u00dfem Aufwand renoviert wurde.<\/p>\n<p>Die zunehmend schwierige Situation f\u00fcr Verbindungen im Allgemeinen und die zus\u00e4tzlich schwierige Lage durch die hohe Verbindungsdichte in Clausthal forderte ab dem Jahr 1995 zusehends ihren Tribut. Die Aktivitas konnte kaum weiteren Nachwuchs gewinnen, das Verbindungsleben kam mehr und mehr zum Erliegen. Im Jahre 2001 war das Verbindungshaus aufgrund der geringen Zahl an Bewohnern nicht mehr haltbar &#8211; der Verkauf besiegelte das Ende der Aktivitas der AMV Ascania.<\/p>\n<p>Durch den Wegfall des F\u00f6rdergedankens f\u00fcr die eigene Aktivitas hat der AHV der AMV Ascania beschlossen, diese F\u00f6rderung der Kammermusik im SV zugute kommen zu lassen. Das aus dem Verkauf des Hauses gewonnene Geld soll daher in den kommenden Jahren als Kapitalbasis f\u00fcr den Kammermusikpreis der AMV Ascania dienen.<\/p>\n<p>Bundesspruch: &#8222;Amicitia vivat!&#8220;<\/p>\n<p>Bundeslied: &#8222;Dort Saaleck, hier die Rudelsburg&#8220; (Text und Melodie: Hermann Allmers, 1845, Kommersbuch, Bundeslied der S\u00e4ngerschaft Ascania Halle im SV)<\/p>\n","protected":false},"excerpt":{"rendered":"<p>1866 bis 1935: Der akademische Gesangverein Ascania Halle Bereits in den 20er Jahren des 19. Jahrhunderts bestand an der Universit\u00e4t Halle eine seminar\u00e4hnliche Chorvereinigung, deren musikalischer Leiter lange der Komponist Robert Franz war. Diese Vereinigung nahm 1866 als \u201eStudentengesangverein Fridericiana\u201c<\/p>\n","protected":false},"author":1,"featured_media":0,"parent":0,"menu_order":0,"comment_status":"closed","ping_status":"closed","template":"","meta":{"footnotes":""},"class_list":["post-16","page","type-page","status-publish","hentry"],"_links":{"self":[{"href":"https:\/\/amv-ascania.de\/index.php?rest_route=\/wp\/v2\/pages\/16","targetHints":{"allow":["GET"]}}],"collection":[{"href":"https:\/\/amv-ascania.de\/index.php?rest_route=\/wp\/v2\/pages"}],"about":[{"href":"https:\/\/amv-ascania.de\/index.php?rest_route=\/wp\/v2\/types\/page"}],"author":[{"embeddable":true,"href":"https:\/\/amv-ascania.de\/index.php?rest_route=\/wp\/v2\/users\/1"}],"replies":[{"embeddable":true,"href":"https:\/\/amv-ascania.de\/index.php?rest_route=%2Fwp%2Fv2%2Fcomments&post=16"}],"version-history":[{"count":1,"href":"https:\/\/amv-ascania.de\/index.php?rest_route=\/wp\/v2\/pages\/16\/revisions"}],"predecessor-version":[{"id":17,"href":"https:\/\/amv-ascania.de\/index.php?rest_route=\/wp\/v2\/pages\/16\/revisions\/17"}],"wp:attachment":[{"href":"https:\/\/amv-ascania.de\/index.php?rest_route=%2Fwp%2Fv2%2Fmedia&parent=16"}],"curies":[{"name":"wp","href":"https:\/\/api.w.org\/{rel}","templated":true}]}}