{"id":19,"date":"2018-04-23T20:37:43","date_gmt":"2018-04-23T20:37:43","guid":{"rendered":"https:\/\/amv-ascania.de\/?page_id=19"},"modified":"2022-10-29T11:01:12","modified_gmt":"2022-10-29T11:01:12","slug":"unsere-wohnung","status":"publish","type":"page","link":"https:\/\/amv-ascania.de\/?page_id=19","title":{"rendered":"Unsere Konstante"},"content":{"rendered":"<p>Um unseren Verbindungsalltag in Clausthal noch aktiver gestalten zu k\u00f6nnen, haben wir im Dezember 2016 eine Wohnung angemietet.<\/p>\n<p>Da wir gro\u00dfen Wert auf Gemeinschaft legen, treffen wir uns hier z.B. sonntags abends zum quatschen, spielen und gemeinsamen lachen bei einem gem\u00fctlichen Bier. Aber auch au\u00dferhalb unserer Veranstaltungen und Termine zum gemeinsamen kochen oder lernen.<\/p>\n<p>Unserer Wohnung ist 115 m\u00b2 gro\u00df und verf\u00fcgt neben einer K\u00fcche, einem Bad und einem Gemeinschaftszimmer \u00fcber zwei weitere Zimmer, die wir zum studentischen Wohnen <a href=\"https:\/\/amv-ascania.de\/?page_id=626\" target=\"_blank\" rel=\"noopener\">vermieten<\/a>.<\/p><figure class=\"wp-block-image size-large\"><img loading=\"lazy\" decoding=\"async\" width=\"923\" height=\"1024\" src=\"https:\/\/amv-ascania.de\/wp-content\/uploads\/2020\/04\/Ascanen-Wohnung_\u00fcberarbeitet-1-923x1024.png\" alt=\"\" class=\"wp-image-179\" srcset=\"https:\/\/amv-ascania.de\/wp-content\/uploads\/2020\/04\/Ascanen-Wohnung_\u00fcberarbeitet-1-923x1024.png 923w, https:\/\/amv-ascania.de\/wp-content\/uploads\/2020\/04\/Ascanen-Wohnung_\u00fcberarbeitet-1-600x666.png 600w, https:\/\/amv-ascania.de\/wp-content\/uploads\/2020\/04\/Ascanen-Wohnung_\u00fcberarbeitet-1-270x300.png 270w, https:\/\/amv-ascania.de\/wp-content\/uploads\/2020\/04\/Ascanen-Wohnung_\u00fcberarbeitet-1-768x852.png 768w, https:\/\/amv-ascania.de\/wp-content\/uploads\/2020\/04\/Ascanen-Wohnung_\u00fcberarbeitet-1.png 960w\" sizes=\"auto, (max-width: 923px) 100vw, 923px\" \/><\/figure>","protected":false},"excerpt":{"rendered":"<p>Um unseren Verbindungsalltag in Clausthal noch aktiver gestalten zu k\u00f6nnen, haben wir im Dezember 2016 eine Wohnung angemietet. Da wir gro\u00dfen Wert auf Gemeinschaft legen, treffen wir uns hier z.B. sonntags abends zum quatschen, spielen und gemeinsamen lachen bei einem<\/p>\n","protected":false},"author":1,"featured_media":0,"parent":0,"menu_order":0,"comment_status":"closed","ping_status":"closed","template":"","meta":{"footnotes":""},"class_list":["post-19","page","type-page","status-publish","hentry"],"_links":{"self":[{"href":"https:\/\/amv-ascania.de\/index.php?rest_route=\/wp\/v2\/pages\/19","targetHints":{"allow":["GET"]}}],"collection":[{"href":"https:\/\/amv-ascania.de\/index.php?rest_route=\/wp\/v2\/pages"}],"about":[{"href":"https:\/\/amv-ascania.de\/index.php?rest_route=\/wp\/v2\/types\/page"}],"author":[{"embeddable":true,"href":"https:\/\/amv-ascania.de\/index.php?rest_route=\/wp\/v2\/users\/1"}],"replies":[{"embeddable":true,"href":"https:\/\/amv-ascania.de\/index.php?rest_route=%2Fwp%2Fv2%2Fcomments&post=19"}],"version-history":[{"count":5,"href":"https:\/\/amv-ascania.de\/index.php?rest_route=\/wp\/v2\/pages\/19\/revisions"}],"predecessor-version":[{"id":685,"href":"https:\/\/amv-ascania.de\/index.php?rest_route=\/wp\/v2\/pages\/19\/revisions\/685"}],"wp:attachment":[{"href":"https:\/\/amv-ascania.de\/index.php?rest_route=%2Fwp%2Fv2%2Fmedia&parent=19"}],"curies":[{"name":"wp","href":"https:\/\/api.w.org\/{rel}","templated":true}]}}