{"id":38,"date":"2018-04-23T21:07:26","date_gmt":"2018-04-23T21:07:26","guid":{"rendered":"https:\/\/amv-ascania.de\/?page_id=38"},"modified":"2021-07-04T16:55:35","modified_gmt":"2021-07-04T16:55:35","slug":"wir-ueber-uns","status":"publish","type":"page","link":"https:\/\/amv-ascania.de\/?page_id=38","title":{"rendered":"Unsere Leitwerte"},"content":{"rendered":"<div class=\"wp-block-columns is-layout-flex wp-container-core-columns-is-layout-28f84493 wp-block-columns-is-layout-flex\"><div class=\"wp-block-column is-layout-flow wp-block-column-is-layout-flow\" style=\"flex-basis:100%\"><div class=\"wp-block-group\"><div class=\"wp-block-group__inner-container is-layout-flow wp-block-group-is-layout-flow\"><div class=\"wp-block-columns is-layout-flex wp-container-core-columns-is-layout-28f84493 wp-block-columns-is-layout-flex\"><\/div><\/div><\/div><\/div><\/div><p class=\"western\">Der Wahlspruch lautet: Amicitia viva, auf der Tradition unserer 1874 gegr\u00fcndeten Vorg\u00e4ngerin, des AGV ASCANIA Halle im SV aufbauend.<\/p>\n<p class=\"western\" style=\"text-align: left;\">Unsere Leitwerte lauten<strong> Lied &#8211; Freundschaft &#8211; Vaterland<\/strong><\/p>\n<p class=\"western\">Hierbei wird verstanden \u2026<\/p>\n<p class=\"western\">\u2026 unter Lied:<br \/>Jede musikalische Bet\u00e4tigung, nicht nur im Bereiche des Gesanges und des deutschen studentischen Liedes, sondern auch in dem der Instrumentalmusik jeglicher Art, und dar\u00fcber hinaus in allen musikalischen musischen Bereichen<\/p>\n<p class=\"western\">\u2026 unter Freundschaft:<br \/>Die Bereitschaft jedes Bundesgeschwisters, diesen Bund durch aktive Mitarbeit am Bundesleben zu best\u00e4tigen und zu f\u00f6rdern, Achtung gegen\u00fcber dem Bundesgeschwister als Mitmenschen, \u00dcbereinstimmung in Haltung und Gesinnung, auf der Grundlage der Toleranz, mit dem Ziele, Freunde f\u00fcr das Leben zu bleiben <strong>(Lebensbund)<\/strong><\/p>\n<p class=\"western\">\u2026 unter Vaterland:<br \/>Die t\u00e4tige Auseinandersetzung mit der politischen und sozialen Umwelt auf der Basis unserer freiheitlichen demokratischen Grundordnung.<\/p>","protected":false},"excerpt":{"rendered":"<p>Der Wahlspruch lautet: Amicitia viva, auf der Tradition unserer 1874 gegr\u00fcndeten Vorg\u00e4ngerin, des AGV ASCANIA Halle im SV aufbauend. Unsere Leitwerte lauten Lied &#8211; Freundschaft &#8211; Vaterland Hierbei wird verstanden \u2026 \u2026 unter Lied:Jede musikalische Bet\u00e4tigung, nicht nur im Bereiche<\/p>\n","protected":false},"author":1,"featured_media":0,"parent":0,"menu_order":0,"comment_status":"closed","ping_status":"closed","template":"","meta":{"footnotes":""},"class_list":["post-38","page","type-page","status-publish","hentry"],"_links":{"self":[{"href":"https:\/\/amv-ascania.de\/index.php?rest_route=\/wp\/v2\/pages\/38","targetHints":{"allow":["GET"]}}],"collection":[{"href":"https:\/\/amv-ascania.de\/index.php?rest_route=\/wp\/v2\/pages"}],"about":[{"href":"https:\/\/amv-ascania.de\/index.php?rest_route=\/wp\/v2\/types\/page"}],"author":[{"embeddable":true,"href":"https:\/\/amv-ascania.de\/index.php?rest_route=\/wp\/v2\/users\/1"}],"replies":[{"embeddable":true,"href":"https:\/\/amv-ascania.de\/index.php?rest_route=%2Fwp%2Fv2%2Fcomments&post=38"}],"version-history":[{"count":13,"href":"https:\/\/amv-ascania.de\/index.php?rest_route=\/wp\/v2\/pages\/38\/revisions"}],"predecessor-version":[{"id":666,"href":"https:\/\/amv-ascania.de\/index.php?rest_route=\/wp\/v2\/pages\/38\/revisions\/666"}],"wp:attachment":[{"href":"https:\/\/amv-ascania.de\/index.php?rest_route=%2Fwp%2Fv2%2Fmedia&parent=38"}],"curies":[{"name":"wp","href":"https:\/\/api.w.org\/{rel}","templated":true}]}}