{"id":626,"date":"2021-07-03T21:15:21","date_gmt":"2021-07-03T21:15:21","guid":{"rendered":"https:\/\/amv-ascania.de\/?page_id=626"},"modified":"2022-10-29T11:02:06","modified_gmt":"2022-10-29T11:02:06","slug":"zimmer-zu-vermieten","status":"publish","type":"page","link":"https:\/\/amv-ascania.de\/?page_id=626","title":{"rendered":"Zimmer zu vermieten"},"content":{"rendered":"<div class=\"wp-block-media-text alignwide is-stacked-on-mobile\"><figure class=\"wp-block-media-text__media\"><img loading=\"lazy\" decoding=\"async\" width=\"923\" height=\"1024\" src=\"https:\/\/amv-ascania.de\/wp-content\/uploads\/2020\/04\/Ascanen-Wohnung_\u00fcberarbeitet-923x1024.png\" alt=\"\" class=\"wp-image-178 size-full\" srcset=\"https:\/\/amv-ascania.de\/wp-content\/uploads\/2020\/04\/Ascanen-Wohnung_\u00fcberarbeitet-923x1024.png 923w, https:\/\/amv-ascania.de\/wp-content\/uploads\/2020\/04\/Ascanen-Wohnung_\u00fcberarbeitet-600x666.png 600w, https:\/\/amv-ascania.de\/wp-content\/uploads\/2020\/04\/Ascanen-Wohnung_\u00fcberarbeitet-270x300.png 270w, https:\/\/amv-ascania.de\/wp-content\/uploads\/2020\/04\/Ascanen-Wohnung_\u00fcberarbeitet-768x852.png 768w, https:\/\/amv-ascania.de\/wp-content\/uploads\/2020\/04\/Ascanen-Wohnung_\u00fcberarbeitet.png 960w\" sizes=\"auto, (max-width: 923px) 100vw, 923px\" \/><\/figure><div class=\"wp-block-media-text__content\"><p>Wir vermieten regelm\u00e4\u00dfig die Zimmer 1 &amp; 2 auf unserer Konstanten, auch &#8222;adH&#8220; genannt.<\/p>\n\n<p>z.Z. sind leider beide Zimmer belegt, aber wenn du Interesse an unserer Gemeinschaft hast, w\u00fcrde wir uns freuen, dich auf dem n\u00e4chsten Stammtisch begr\u00fc\u00dfen zu d\u00fcrfen.<\/p>\n\n<p><br>Dieser findet sonntags ab 19 Uhr ct im Aktivenraum statt. Die genauen Termine kannst du unserem Semesterprogramm entnehmen.<\/p>\n\n<p>Meld dich einfach bei uns!<br><\/p>\n\n<p>Telefon: 05323 \u2013 98 399 35<br>Mail: amv-ascania@tu-clausthal.de<\/p><\/div><\/div><div class=\"wp-block-media-text alignwide is-stacked-on-mobile\"><figure class=\"wp-block-media-text__media\"><img loading=\"lazy\" decoding=\"async\" width=\"1024\" height=\"769\" src=\"https:\/\/amv-ascania.de\/wp-content\/uploads\/2021\/07\/PHOTO-2021-05-18-19-44-00-1024x769.jpg\" alt=\"\" class=\"wp-image-627 size-full\" srcset=\"https:\/\/amv-ascania.de\/wp-content\/uploads\/2021\/07\/PHOTO-2021-05-18-19-44-00-1024x769.jpg 1024w, https:\/\/amv-ascania.de\/wp-content\/uploads\/2021\/07\/PHOTO-2021-05-18-19-44-00-300x225.jpg 300w, https:\/\/amv-ascania.de\/wp-content\/uploads\/2021\/07\/PHOTO-2021-05-18-19-44-00-768x576.jpg 768w, https:\/\/amv-ascania.de\/wp-content\/uploads\/2021\/07\/PHOTO-2021-05-18-19-44-00-1536x1153.jpg 1536w, https:\/\/amv-ascania.de\/wp-content\/uploads\/2021\/07\/PHOTO-2021-05-18-19-44-00-600x450.jpg 600w, https:\/\/amv-ascania.de\/wp-content\/uploads\/2021\/07\/PHOTO-2021-05-18-19-44-00.jpg 1600w\" sizes=\"auto, (max-width: 1024px) 100vw, 1024px\" \/><\/figure><div class=\"wp-block-media-text__content\"><p>Dies ist Zimmer 2. <br>Falls du mit leichtem Gep\u00e4ck umziehen m\u00f6chtest, k\u00f6nnen wir dir mit einer Grundm\u00f6blierung aushelfen. Sprich uns einfach an!<\/p><\/div><\/div><div class=\"wp-block-media-text alignwide is-stacked-on-mobile\"><figure class=\"wp-block-media-text__media\"><img loading=\"lazy\" decoding=\"async\" width=\"1024\" height=\"769\" src=\"https:\/\/amv-ascania.de\/wp-content\/uploads\/2021\/07\/PHOTO-2021-05-18-19-44-01-1024x769.jpg\" alt=\"\" class=\"wp-image-628 size-full\" srcset=\"https:\/\/amv-ascania.de\/wp-content\/uploads\/2021\/07\/PHOTO-2021-05-18-19-44-01-1024x769.jpg 1024w, https:\/\/amv-ascania.de\/wp-content\/uploads\/2021\/07\/PHOTO-2021-05-18-19-44-01-300x225.jpg 300w, https:\/\/amv-ascania.de\/wp-content\/uploads\/2021\/07\/PHOTO-2021-05-18-19-44-01-768x576.jpg 768w, https:\/\/amv-ascania.de\/wp-content\/uploads\/2021\/07\/PHOTO-2021-05-18-19-44-01-1536x1153.jpg 1536w, https:\/\/amv-ascania.de\/wp-content\/uploads\/2021\/07\/PHOTO-2021-05-18-19-44-01-600x450.jpg 600w, https:\/\/amv-ascania.de\/wp-content\/uploads\/2021\/07\/PHOTO-2021-05-18-19-44-01.jpg 1600w\" sizes=\"auto, (max-width: 1024px) 100vw, 1024px\" \/><\/figure><div class=\"wp-block-media-text__content\"><p class=\"has-large-font-size\"><\/p><\/div><\/div>","protected":false},"excerpt":{"rendered":"<p>Wir vermieten regelm\u00e4\u00dfig die Zimmer 1 &amp; 2 auf unserer Konstanten, auch &#8222;adH&#8220; genannt. z.Z. sind leider beide Zimmer belegt, aber wenn du Interesse an unserer Gemeinschaft hast, w\u00fcrde wir uns freuen, dich auf dem n\u00e4chsten Stammtisch begr\u00fc\u00dfen zu d\u00fcrfen.<\/p>\n","protected":false},"author":1,"featured_media":0,"parent":0,"menu_order":0,"comment_status":"closed","ping_status":"closed","template":"","meta":{"footnotes":""},"class_list":["post-626","page","type-page","status-publish","hentry"],"_links":{"self":[{"href":"https:\/\/amv-ascania.de\/index.php?rest_route=\/wp\/v2\/pages\/626","targetHints":{"allow":["GET"]}}],"collection":[{"href":"https:\/\/amv-ascania.de\/index.php?rest_route=\/wp\/v2\/pages"}],"about":[{"href":"https:\/\/amv-ascania.de\/index.php?rest_route=\/wp\/v2\/types\/page"}],"author":[{"embeddable":true,"href":"https:\/\/amv-ascania.de\/index.php?rest_route=\/wp\/v2\/users\/1"}],"replies":[{"embeddable":true,"href":"https:\/\/amv-ascania.de\/index.php?rest_route=%2Fwp%2Fv2%2Fcomments&post=626"}],"version-history":[{"count":3,"href":"https:\/\/amv-ascania.de\/index.php?rest_route=\/wp\/v2\/pages\/626\/revisions"}],"predecessor-version":[{"id":686,"href":"https:\/\/amv-ascania.de\/index.php?rest_route=\/wp\/v2\/pages\/626\/revisions\/686"}],"wp:attachment":[{"href":"https:\/\/amv-ascania.de\/index.php?rest_route=%2Fwp%2Fv2%2Fmedia&parent=626"}],"curies":[{"name":"wp","href":"https:\/\/api.w.org\/{rel}","templated":true}]}}