{"id":646,"date":"2021-07-03T21:49:51","date_gmt":"2021-07-03T21:49:51","guid":{"rendered":"https:\/\/amv-ascania.de\/?page_id=646"},"modified":"2025-09-18T14:27:08","modified_gmt":"2025-09-18T14:27:08","slug":"unsere-aktivitas","status":"publish","type":"page","link":"https:\/\/amv-ascania.de\/?page_id=646","title":{"rendered":"Unsere Aktivitas"},"content":{"rendered":"<p>Unsere Aktivitas besteht aus jungen Menschen, die unser Bundesleben aktiv gestalten. Dies beschreibt die Zeit des Studiums oder der Ausbildung.<br>Nach dem Eintritt in das Berufsleben geht man in den Philistriertenverband (PhV) \u00fcber und unterst\u00fctzt die Aktivitas durch j\u00e4hrliche Mitgliedsbeitr\u00e4ge sowie die eigene Erfahrung. Dies wird auch das Lebensbundprinzip genannt.<\/p><p>Wie in jedem Verein, hat unsere Aktivitas einen Vorstand, welcher Semesterweise gew\u00e4hlt wird.<\/p><p>Unser Pr\u00e4sidium f\u00fcr das Wintersemester 2025\/26 besteht aus<\/p><p>Pr\u00e4side (X) &#8211; Theresa Harling<br>Schriftwart (XX) &#8211; Adrian Sennefelder<br>Kassenwart (XXX) &#8211; Lars Kramer<\/p><p>Zum erweiterten Pr\u00e4sidium geh\u00f6rt au\u00dferdem der Fuxmajor (FM). <br>Er oder sie ist der Ansprechpartner f\u00fcr alle neuen Mitglieder, auch F\u00fcxe genannt.<br><\/p>","protected":false},"excerpt":{"rendered":"<p>Unsere Aktivitas besteht aus jungen Menschen, die unser Bundesleben aktiv gestalten. Dies beschreibt die Zeit des Studiums oder der Ausbildung.Nach dem Eintritt in das Berufsleben geht man in den Philistriertenverband (PhV) \u00fcber und unterst\u00fctzt die Aktivitas durch j\u00e4hrliche Mitgliedsbeitr\u00e4ge sowie<\/p>\n","protected":false},"author":1,"featured_media":0,"parent":0,"menu_order":0,"comment_status":"closed","ping_status":"closed","template":"","meta":{"footnotes":""},"class_list":["post-646","page","type-page","status-publish","hentry"],"_links":{"self":[{"href":"https:\/\/amv-ascania.de\/index.php?rest_route=\/wp\/v2\/pages\/646","targetHints":{"allow":["GET"]}}],"collection":[{"href":"https:\/\/amv-ascania.de\/index.php?rest_route=\/wp\/v2\/pages"}],"about":[{"href":"https:\/\/amv-ascania.de\/index.php?rest_route=\/wp\/v2\/types\/page"}],"author":[{"embeddable":true,"href":"https:\/\/amv-ascania.de\/index.php?rest_route=\/wp\/v2\/users\/1"}],"replies":[{"embeddable":true,"href":"https:\/\/amv-ascania.de\/index.php?rest_route=%2Fwp%2Fv2%2Fcomments&post=646"}],"version-history":[{"count":10,"href":"https:\/\/amv-ascania.de\/index.php?rest_route=\/wp\/v2\/pages\/646\/revisions"}],"predecessor-version":[{"id":715,"href":"https:\/\/amv-ascania.de\/index.php?rest_route=\/wp\/v2\/pages\/646\/revisions\/715"}],"wp:attachment":[{"href":"https:\/\/amv-ascania.de\/index.php?rest_route=%2Fwp%2Fv2%2Fmedia&parent=646"}],"curies":[{"name":"wp","href":"https:\/\/api.w.org\/{rel}","templated":true}]}}